{"id":776,"date":"2021-12-08T09:32:39","date_gmt":"2021-12-08T08:32:39","guid":{"rendered":"https:\/\/igsvtu.lanuv.nrw.de\/?page_id=776"},"modified":"2026-04-29T12:43:05","modified_gmt":"2026-04-29T10:43:05","slug":"nutzungsbedingungen","status":"publish","type":"page","link":"https:\/\/igsvtu.lanuk.nrw.de\/en\/home\/nutzungsbedingungen\/","title":{"rendered":"Terms of Use"},"content":{"rendered":"\t\t<div data-elementor-type=\"wp-page\" data-elementor-id=\"776\" class=\"elementor elementor-776\">\n\t\t\t\t\t\t<section class=\"elementor-section elementor-top-section elementor-element elementor-element-8996c38 elementor-section-full_width elementor-section-stretched elementor-section-height-default elementor-section-height-default\" data-id=\"8996c38\" data-element_type=\"section\" data-e-type=\"section\" data-settings=\"{&quot;stretch_section&quot;:&quot;section-stretched&quot;,&quot;background_background&quot;:&quot;classic&quot;}\">\n\t\t\t\t\t\t<div class=\"elementor-container elementor-column-gap-default\">\n\t\t\t\t\t<div class=\"elementor-column elementor-col-100 elementor-top-column elementor-element elementor-element-aa3715a\" data-id=\"aa3715a\" data-element_type=\"column\" data-e-type=\"column\" data-settings=\"{&quot;background_background&quot;:&quot;classic&quot;}\">\n\t\t\t<div class=\"elementor-widget-wrap elementor-element-populated\">\n\t\t\t\t\t\t<section class=\"elementor-section elementor-inner-section elementor-element elementor-element-dd631dc elementor-section-height-min-height elementor-section-content-middle elementor-section-boxed elementor-section-height-default\" data-id=\"dd631dc\" data-element_type=\"section\" data-e-type=\"section\">\n\t\t\t\t\t\t<div class=\"elementor-container elementor-column-gap-default\">\n\t\t\t\t\t<div class=\"elementor-column elementor-col-100 elementor-inner-column elementor-element elementor-element-68759eb elementor-hidden-tablet elementor-hidden-mobile\" data-id=\"68759eb\" data-element_type=\"column\" data-e-type=\"column\">\n\t\t\t<div class=\"elementor-widget-wrap elementor-element-populated\">\n\t\t\t\t\t\t<div class=\"elementor-element elementor-element-a7fb6f4 elementor-widget elementor-widget-html\" data-id=\"a7fb6f4\" data-element_type=\"widget\" data-e-type=\"widget\" data-widget_type=\"html.default\">\n\t\t\t\t<div class=\"elementor-widget-container\">\n\t\t\t\t\t<!-- <link rel=\"stylesheet\" media=\"screen, projection\" type=\"text\/css\" href=\"igs_wp.css\"> -->\n<header role=\"banner\">\n\t<div class=\"bg-white\">\n\t\t<div class=\"l-header__inner\">\n\t\t\t<div class=\"d-none d-lg-block\">\n\t\t\t\t<div class=\"l-header__bar\">\n\t\t\t\t\t<a href=\"\/home\" class=\"l-header__brand d-none d-lg-block\" title=\"Landesamt f\u00fcr Natur, Umwelt und Verbraucherschutz Nordrhein-Westfalen\"> <img decoding=\"async\"  id=\"logo-lanuv\" src=\"https:\/\/igsvtu.lanuk.nrw.de\/wp-content\/uploads\/2023\/07\/RZ_IGS-Icon_RGB_230703-768x223.png\" width=\"250\" alt=\"Logo Thing main logo\">\n\t\t\t\t\t<\/a>\n\t\t\t\t    <a href=\"https:\/\/www.lanuk.nrw.de\" class=\"l-header__brand-sec\" > <img decoding=\"async\" src=\"https:\/\/igsvtu.lanuk.nrw.de\/wp-content\/uploads\/2025\/04\/lanuk-nrw.png\" width=\"184\" alt=\"Landesamt f\u00fcr Natur, Umwelt und Klima Nordrhein-Westfalen\">\n\t\t\t\t    <\/a>\n\t\t\t\t<\/div>\n\t\t\t<\/div>\n\t\t<\/div>\n\t<\/div>\n<\/header>\n<style>\nheader[role=\"banner\"] {\n  #logo-main {\n    display: block;\n    margin: 20px auto;\n    margin-left: 260px;\n  }\n  .bg-white {\n  --bg-color: var(--lanuv-white-main);\n  background-color:var(--bg-color)\n}\n@media print {\n  .bg-white {\n    background:none\n  }\n}\n.bg-white {\n  --bs-bg-opacity: 1;\n  background-color:rgba(var(--bs-white-rgb), var(--bs-bg-opacity)) !important\n}\n.l-header__inner {\n  max-width:1440px;\n  margin:0 auto;\n  padding:0 16px;\n  transition:all .2s ease\n}\n.d-none {\n  display:none !important\n}\n  .d-lg-block {\n    display:block !important\n  }\n  .l-header__bar {\n  display:flex;\n  align-items:center;\n  height:var(--l-header-h);\n  gap:20px;\n  transition:all .2s ease\n}\n  .l-header__brand {\n    display:block !important\n  }\n  .l-header__brand-sec {\n  margin-left:auto\n}\n<\/style>\t\t\t\t<\/div>\n\t\t\t\t<\/div>\n\t\t\t\t\t<\/div>\n\t\t<\/div>\n\t\t\t\t\t<\/div>\n\t\t<\/section>\n\t\t\t\t<section class=\"elementor-section elementor-inner-section elementor-element elementor-element-5f4c2ce elementor-section-full_width elementor-hidden-desktop elementor-section-height-default elementor-section-height-default\" data-id=\"5f4c2ce\" data-element_type=\"section\" data-e-type=\"section\">\n\t\t\t\t\t\t<div class=\"elementor-container elementor-column-gap-default\">\n\t\t\t\t\t<div class=\"elementor-column elementor-col-33 elementor-inner-column elementor-element elementor-element-5319930\" data-id=\"5319930\" data-element_type=\"column\" data-e-type=\"column\">\n\t\t\t<div class=\"elementor-widget-wrap elementor-element-populated\">\n\t\t\t\t\t\t<div class=\"elementor-element elementor-element-5aa9019 elementor-widget elementor-widget-image\" data-id=\"5aa9019\" data-element_type=\"widget\" data-e-type=\"widget\" data-widget_type=\"image.default\">\n\t\t\t\t<div class=\"elementor-widget-container\">\n\t\t\t\t\t\t\t\t\t\t\t\t\t\t\t<img fetchpriority=\"high\" decoding=\"async\" width=\"1024\" height=\"298\" src=\"https:\/\/igsvtu.lanuk.nrw.de\/wp-content\/uploads\/2023\/07\/RZ_IGS-Icon_RGB_230703-1024x298.png\" class=\"attachment-large size-large wp-image-1608\" alt=\"\" srcset=\"https:\/\/igsvtu.lanuk.nrw.de\/wp-content\/uploads\/2023\/07\/RZ_IGS-Icon_RGB_230703-1024x298.png 1024w, https:\/\/igsvtu.lanuk.nrw.de\/wp-content\/uploads\/2023\/07\/RZ_IGS-Icon_RGB_230703-300x87.png 300w, https:\/\/igsvtu.lanuk.nrw.de\/wp-content\/uploads\/2023\/07\/RZ_IGS-Icon_RGB_230703-768x223.png 768w, https:\/\/igsvtu.lanuk.nrw.de\/wp-content\/uploads\/2023\/07\/RZ_IGS-Icon_RGB_230703-1536x447.png 1536w, https:\/\/igsvtu.lanuk.nrw.de\/wp-content\/uploads\/2023\/07\/RZ_IGS-Icon_RGB_230703-18x5.png 18w, https:\/\/igsvtu.lanuk.nrw.de\/wp-content\/uploads\/2023\/07\/RZ_IGS-Icon_RGB_230703.png 1612w\" sizes=\"(max-width: 1024px) 100vw, 1024px\" \/>\t\t\t\t\t\t\t\t\t\t\t\t\t\t\t<\/div>\n\t\t\t\t<\/div>\n\t\t\t\t\t<\/div>\n\t\t<\/div>\n\t\t\t\t<div class=\"elementor-column elementor-col-33 elementor-inner-column elementor-element elementor-element-8e0ea3a\" data-id=\"8e0ea3a\" data-element_type=\"column\" data-e-type=\"column\">\n\t\t\t<div class=\"elementor-widget-wrap\">\n\t\t\t\t\t\t\t<\/div>\n\t\t<\/div>\n\t\t\t\t<div class=\"elementor-column elementor-col-33 elementor-inner-column elementor-element elementor-element-870c66b\" data-id=\"870c66b\" data-element_type=\"column\" data-e-type=\"column\">\n\t\t\t<div class=\"elementor-widget-wrap elementor-element-populated\">\n\t\t\t\t\t\t<div class=\"elementor-element elementor-element-11a4f23 elementor-widget__width-initial elementor-widget elementor-widget-image\" data-id=\"11a4f23\" data-element_type=\"widget\" data-e-type=\"widget\" data-widget_type=\"image.default\">\n\t\t\t\t<div class=\"elementor-widget-container\">\n\t\t\t\t\t\t\t\t\t\t\t\t\t\t\t<img decoding=\"async\" width=\"300\" height=\"82\" src=\"https:\/\/igsvtu.lanuk.nrw.de\/wp-content\/uploads\/2025\/04\/lanuk-nrw-300x82.png\" class=\"attachment-medium size-medium wp-image-2648\" alt=\"\" srcset=\"https:\/\/igsvtu.lanuk.nrw.de\/wp-content\/uploads\/2025\/04\/lanuk-nrw-300x82.png 300w, https:\/\/igsvtu.lanuk.nrw.de\/wp-content\/uploads\/2025\/04\/lanuk-nrw-1024x280.png 1024w, https:\/\/igsvtu.lanuk.nrw.de\/wp-content\/uploads\/2025\/04\/lanuk-nrw-768x210.png 768w, https:\/\/igsvtu.lanuk.nrw.de\/wp-content\/uploads\/2025\/04\/lanuk-nrw-1536x420.png 1536w, https:\/\/igsvtu.lanuk.nrw.de\/wp-content\/uploads\/2025\/04\/lanuk-nrw-18x5.png 18w, https:\/\/igsvtu.lanuk.nrw.de\/wp-content\/uploads\/2025\/04\/lanuk-nrw.png 1661w\" sizes=\"(max-width: 300px) 100vw, 300px\" \/>\t\t\t\t\t\t\t\t\t\t\t\t\t\t\t<\/div>\n\t\t\t\t<\/div>\n\t\t\t\t\t<\/div>\n\t\t<\/div>\n\t\t\t\t\t<\/div>\n\t\t<\/section>\n\t\t\t\t\t<\/div>\n\t\t<\/div>\n\t\t\t\t\t<\/div>\n\t\t<\/section>\n\t\t\t\t<section class=\"elementor-section elementor-top-section elementor-element elementor-element-574d9bb elementor-section-boxed elementor-section-height-default elementor-section-height-default\" data-id=\"574d9bb\" data-element_type=\"section\" data-e-type=\"section\">\n\t\t\t\t\t\t<div class=\"elementor-container elementor-column-gap-default\">\n\t\t\t\t\t<div class=\"elementor-column elementor-col-100 elementor-top-column elementor-element elementor-element-8071fdf\" data-id=\"8071fdf\" data-element_type=\"column\" data-e-type=\"column\">\n\t\t\t<div class=\"elementor-widget-wrap elementor-element-populated\">\n\t\t\t\t\t\t<div class=\"elementor-element elementor-element-684ce57 elementor-widget elementor-widget-text-editor\" data-id=\"684ce57\" data-element_type=\"widget\" data-e-type=\"widget\" data-widget_type=\"text-editor.default\">\n\t\t\t\t<div class=\"elementor-widget-container\">\n\t\t\t\t\t\t\t\t\t<p>IGS wird vom Landesamt f\u00fcr Natur, Umwelt und Klima (LANUK.NRW) hergestellt.<br \/>Die IGS-Anwendungssoftware wird in enger Zusammenarbeit mit der <a href=\"http:\/\/www.kisters.de\" target=\"_blank\" rel=\"noopener\">KISTERS AG<\/a> entwickelt.<\/p><p>F\u00fcr Firmen\/Privatpersonen ist nur IGS Public kostenfrei nutzbar.<\/p><p>Die \u00fcbrigen Anwendungen stehen kostenfrei ausschlie\u00dflich Beh\u00f6rden zur Verf\u00fcgung.<\/p><p>Firmen und Privatpersonen wenden sich f\u00fcr weitere Informationen zu Preisen und Lizenzbedingungen bitte an die Firma KISTERS AG (ehs@kisters.de)<\/p>\t\t\t\t\t\t\t\t<\/div>\n\t\t\t\t<\/div>\n\t\t\t\t<div class=\"elementor-element elementor-element-8b81407 elementor-widget elementor-widget-spacer\" data-id=\"8b81407\" data-element_type=\"widget\" data-e-type=\"widget\" data-widget_type=\"spacer.default\">\n\t\t\t\t<div class=\"elementor-widget-container\">\n\t\t\t\t\t\t\t<div class=\"elementor-spacer\">\n\t\t\t<div class=\"elementor-spacer-inner\"><\/div>\n\t\t<\/div>\n\t\t\t\t\t\t<\/div>\n\t\t\t\t<\/div>\n\t\t\t\t<div class=\"elementor-element elementor-element-7cad904 elementor-widget elementor-widget-spacer\" data-id=\"7cad904\" data-element_type=\"widget\" data-e-type=\"widget\" data-widget_type=\"spacer.default\">\n\t\t\t\t<div class=\"elementor-widget-container\">\n\t\t\t\t\t\t\t<div class=\"elementor-spacer\">\n\t\t\t<div class=\"elementor-spacer-inner\"><\/div>\n\t\t<\/div>\n\t\t\t\t\t\t<\/div>\n\t\t\t\t<\/div>\n\t\t\t\t\t<\/div>\n\t\t<\/div>\n\t\t\t\t\t<\/div>\n\t\t<\/section>\n\t\t\t\t<section class=\"elementor-section elementor-top-section elementor-element elementor-element-d05e25b elementor-section-boxed elementor-section-height-default elementor-section-height-default\" data-id=\"d05e25b\" data-element_type=\"section\" data-e-type=\"section\">\n\t\t\t\t\t\t<div class=\"elementor-container elementor-column-gap-default\">\n\t\t\t\t\t<div class=\"elementor-column elementor-col-100 elementor-top-column elementor-element elementor-element-53c1435\" data-id=\"53c1435\" data-element_type=\"column\" data-e-type=\"column\">\n\t\t\t<div class=\"elementor-widget-wrap elementor-element-populated\">\n\t\t\t\t\t\t<div class=\"elementor-element elementor-element-a957b82 elementor-widget__width-initial elementor-widget elementor-widget-ekit-nav-menu\" data-id=\"a957b82\" data-element_type=\"widget\" data-e-type=\"widget\" data-widget_type=\"ekit-nav-menu.default\">\n\t\t\t\t<div class=\"elementor-widget-container\">\n\t\t\t\t\t\t\t<nav class=\"ekit-wid-con ekit_menu_responsive_tablet\"\n\t\t\tdata-hamburger-icon=\"\"\n\t\t\tdata-hamburger-icon-type=\"icon\"\n\t\t\tdata-responsive-breakpoint=\"1024\">\n\t\t\t            <button class=\"elementskit-menu-hamburger elementskit-menu-toggler\"  type=\"button\" aria-label=\"hamburger-icon\">\n                                    <span class=\"elementskit-menu-hamburger-icon\"><\/span><span class=\"elementskit-menu-hamburger-icon\"><\/span><span class=\"elementskit-menu-hamburger-icon\"><\/span>\n                            <\/button>\n            <div id=\"ekit-megamenu-footer2\" class=\"elementskit-menu-container elementskit-menu-offcanvas-elements elementskit-navbar-nav-default ekit-nav-menu-one-page-no ekit-nav-dropdown-hover\"><ul id=\"menu-footer2\" class=\"elementskit-navbar-nav elementskit-menu-po-left submenu-click-on-icon\"><li id=\"menu-item-1107\" class=\"menu-item menu-item-type-post_type menu-item-object-page menu-item-1107 nav-item elementskit-mobile-builder-content\" data-vertical-menu=750px><a href=\"https:\/\/igsvtu.lanuk.nrw.de\/en\/home\/\" class=\"ekit-menu-nav-link\">Home<\/a><\/li>\n<li id=\"menu-item-1643\" class=\"menu-item menu-item-type-custom menu-item-object-custom menu-item-1643 nav-item elementskit-mobile-builder-content\" data-vertical-menu=750px><a href=\"mailto:igs@lanuv.nrw.de\" class=\"ekit-menu-nav-link\">Fragen an das IGS-Team<\/a><\/li>\n<li id=\"menu-item-1108\" class=\"menu-item menu-item-type-post_type menu-item-object-page menu-item-1108 nav-item elementskit-mobile-builder-content\" data-vertical-menu=750px><a href=\"https:\/\/igsvtu.lanuk.nrw.de\/en\/home\/impressum\/\" class=\"ekit-menu-nav-link\">Impressum<\/a><\/li>\n<li id=\"menu-item-1109\" class=\"menu-item menu-item-type-post_type menu-item-object-page menu-item-privacy-policy menu-item-1109 nav-item elementskit-mobile-builder-content\" data-vertical-menu=750px><a href=\"https:\/\/igsvtu.lanuk.nrw.de\/en\/home\/datenschutzerklaerung-2\/\" class=\"ekit-menu-nav-link\">Datenschutzerkl\u00e4rung<\/a><\/li>\n<li id=\"menu-item-2056\" class=\"menu-item menu-item-type-post_type menu-item-object-page menu-item-2056 nav-item elementskit-mobile-builder-content\" data-vertical-menu=750px><a href=\"https:\/\/igsvtu.lanuk.nrw.de\/en\/home\/nutzungsbedingungen\/\" class=\"ekit-menu-nav-link\">Nutzungsbedingungen<\/a><\/li>\n<li id=\"menu-item-2558\" class=\"trp-language-switcher-container menu-item menu-item-type-post_type menu-item-object-language_switcher current-language-menu-item menu-item-2558 nav-item elementskit-mobile-builder-content\" data-vertical-menu=750px><a href=\"https:\/\/igsvtu.lanuk.nrw.de\/en\/wp-json\/wp\/v2\/pages\/776#TRPLINKPROCESSED\" class=\"ekit-menu-nav-link\"><span data-no-translation><span class=\"trp-ls-language-name\">DE<\/span><\/span><\/a><\/li>\n<\/ul><div class=\"elementskit-nav-identity-panel\"><button class=\"elementskit-menu-close elementskit-menu-toggler\" type=\"button\">X<\/button><\/div><\/div>\n\t\t\t<div class=\"elementskit-menu-overlay elementskit-menu-offcanvas-elements elementskit-menu-toggler ekit-nav-menu--overlay\"><\/div>        <\/nav>\n\t\t\t\t\t\t<\/div>\n\t\t\t\t<\/div>\n\t\t\t\t<div class=\"elementor-element elementor-element-a1a8cfc elementor-widget__width-initial elementor-widget elementor-widget-text-editor\" data-id=\"a1a8cfc\" data-element_type=\"widget\" data-e-type=\"widget\" data-widget_type=\"text-editor.default\">\n\t\t\t\t<div class=\"elementor-widget-container\">\n\t\t\t\t\t\t\t\t\t<p>\u00a9 LANUK\u00a0 2026<\/p>\t\t\t\t\t\t\t\t<\/div>\n\t\t\t\t<\/div>\n\t\t\t\t\t<\/div>\n\t\t<\/div>\n\t\t\t\t\t<\/div>\n\t\t<\/section>\n\t\t\t\t<\/div>\n\t\t","protected":false},"excerpt":{"rendered":"<p>IGS wird vom Landesamt f\u00fcr Natur, Umwelt und Klima (LANUK.NRW) hergestellt.Die IGS-Anwendungssoftware wird in enger Zusammenarbeit mit der KISTERS AG entwickelt. F\u00fcr Firmen\/Privatpersonen ist nur IGS Public kostenfrei nutzbar. Die \u00fcbrigen Anwendungen stehen kostenfrei ausschlie\u00dflich Beh\u00f6rden zur Verf\u00fcgung. Firmen und Privatpersonen wenden sich f\u00fcr weitere Informationen zu Preisen und Lizenzbedingungen bitte an die Firma KISTERS [&hellip;]<\/p>\n","protected":false},"author":4,"featured_media":0,"parent":25,"menu_order":0,"comment_status":"closed","ping_status":"closed","template":"elementor_canvas","meta":{"ocean_post_layout":"full-screen","ocean_both_sidebars_style":"","ocean_both_sidebars_content_width":0,"ocean_both_sidebars_sidebars_width":0,"ocean_sidebar":"0","ocean_second_sidebar":"0","ocean_disable_margins":"enable","ocean_add_body_class":"","ocean_shortcode_before_top_bar":"","ocean_shortcode_after_top_bar":"","ocean_shortcode_before_header":"","ocean_shortcode_after_header":"","ocean_has_shortcode":"","ocean_shortcode_after_title":"","ocean_shortcode_before_footer_widgets":"","ocean_shortcode_after_footer_widgets":"","ocean_shortcode_before_footer_bottom":"","ocean_shortcode_after_footer_bottom":"","ocean_display_top_bar":"off","ocean_display_header":"off","ocean_header_style":"","ocean_center_header_left_menu":"0","ocean_custom_header_template":"0","ocean_custom_logo":0,"ocean_custom_retina_logo":0,"ocean_custom_logo_max_width":0,"ocean_custom_logo_tablet_max_width":0,"ocean_custom_logo_mobile_max_width":0,"ocean_custom_logo_max_height":0,"ocean_custom_logo_tablet_max_height":0,"ocean_custom_logo_mobile_max_height":0,"ocean_header_custom_menu":"0","ocean_menu_typo_font_family":"0","ocean_menu_typo_font_subset":"","ocean_menu_typo_font_size":0,"ocean_menu_typo_font_size_tablet":0,"ocean_menu_typo_font_size_mobile":0,"ocean_menu_typo_font_size_unit":"px","ocean_menu_typo_font_weight":"","ocean_menu_typo_font_weight_tablet":"","ocean_menu_typo_font_weight_mobile":"","ocean_menu_typo_transform":"","ocean_menu_typo_transform_tablet":"","ocean_menu_typo_transform_mobile":"","ocean_menu_typo_line_height":0,"ocean_menu_typo_line_height_tablet":0,"ocean_menu_typo_line_height_mobile":0,"ocean_menu_typo_line_height_unit":"","ocean_menu_typo_spacing":0,"ocean_menu_typo_spacing_tablet":0,"ocean_menu_typo_spacing_mobile":0,"ocean_menu_typo_spacing_unit":"","ocean_menu_link_color":"","ocean_menu_link_color_hover":"","ocean_menu_link_color_active":"","ocean_menu_link_background":"","ocean_menu_link_hover_background":"","ocean_menu_link_active_background":"","ocean_menu_social_links_bg":"","ocean_menu_social_hover_links_bg":"","ocean_menu_social_links_color":"","ocean_menu_social_hover_links_color":"","ocean_disable_title":"on","ocean_disable_heading":"default","ocean_post_title":"","ocean_post_subheading":"","ocean_post_title_style":"","ocean_post_title_background_color":"","ocean_post_title_background":0,"ocean_post_title_bg_image_position":"","ocean_post_title_bg_image_attachment":"","ocean_post_title_bg_image_repeat":"","ocean_post_title_bg_image_size":"","ocean_post_title_height":0,"ocean_post_title_bg_overlay":0.5,"ocean_post_title_bg_overlay_color":"","ocean_disable_breadcrumbs":"default","ocean_breadcrumbs_color":"","ocean_breadcrumbs_separator_color":"","ocean_breadcrumbs_links_color":"","ocean_breadcrumbs_links_hover_color":"","ocean_display_footer_widgets":"default","ocean_display_footer_bottom":"default","ocean_custom_footer_template":"0","footnotes":""},"class_list":["post-776","page","type-page","status-publish","hentry","entry"],"_links":{"self":[{"href":"https:\/\/igsvtu.lanuk.nrw.de\/en\/wp-json\/wp\/v2\/pages\/776","targetHints":{"allow":["GET"]}}],"collection":[{"href":"https:\/\/igsvtu.lanuk.nrw.de\/en\/wp-json\/wp\/v2\/pages"}],"about":[{"href":"https:\/\/igsvtu.lanuk.nrw.de\/en\/wp-json\/wp\/v2\/types\/page"}],"author":[{"embeddable":true,"href":"https:\/\/igsvtu.lanuk.nrw.de\/en\/wp-json\/wp\/v2\/users\/4"}],"replies":[{"embeddable":true,"href":"https:\/\/igsvtu.lanuk.nrw.de\/en\/wp-json\/wp\/v2\/comments?post=776"}],"version-history":[{"count":66,"href":"https:\/\/igsvtu.lanuk.nrw.de\/en\/wp-json\/wp\/v2\/pages\/776\/revisions"}],"predecessor-version":[{"id":3082,"href":"https:\/\/igsvtu.lanuk.nrw.de\/en\/wp-json\/wp\/v2\/pages\/776\/revisions\/3082"}],"up":[{"embeddable":true,"href":"https:\/\/igsvtu.lanuk.nrw.de\/en\/wp-json\/wp\/v2\/pages\/25"}],"wp:attachment":[{"href":"https:\/\/igsvtu.lanuk.nrw.de\/en\/wp-json\/wp\/v2\/media?parent=776"}],"curies":[{"name":"wp","href":"https:\/\/api.w.org\/{rel}","templated":true}]}}