{"id":947,"date":"2021-12-16T12:10:54","date_gmt":"2021-12-16T11:10:54","guid":{"rendered":"https:\/\/igsvtu.lanuv.nrw.de\/?page_id=947"},"modified":"2026-04-29T12:44:55","modified_gmt":"2026-04-29T10:44:55","slug":"datenschutzerklaerung-2","status":"publish","type":"page","link":"https:\/\/igsvtu.lanuk.nrw.de\/en\/home\/datenschutzerklaerung-2\/","title":{"rendered":"Privacy Policy"},"content":{"rendered":"\t\t<div data-elementor-type=\"wp-page\" data-elementor-id=\"947\" class=\"elementor elementor-947\">\n\t\t\t\t\t\t<section class=\"elementor-section elementor-top-section elementor-element elementor-element-acd2d60 elementor-section-full_width elementor-section-stretched elementor-section-height-default elementor-section-height-default\" data-id=\"acd2d60\" data-element_type=\"section\" data-e-type=\"section\" data-settings=\"{&quot;stretch_section&quot;:&quot;section-stretched&quot;,&quot;background_background&quot;:&quot;classic&quot;}\">\n\t\t\t\t\t\t<div class=\"elementor-container elementor-column-gap-default\">\n\t\t\t\t\t<div class=\"elementor-column elementor-col-100 elementor-top-column elementor-element elementor-element-4339bb6\" data-id=\"4339bb6\" data-element_type=\"column\" data-e-type=\"column\" data-settings=\"{&quot;background_background&quot;:&quot;classic&quot;}\">\n\t\t\t<div class=\"elementor-widget-wrap elementor-element-populated\">\n\t\t\t\t\t\t<section class=\"elementor-section elementor-inner-section elementor-element elementor-element-9562b27 elementor-section-height-min-height elementor-section-content-middle elementor-section-boxed elementor-section-height-default\" data-id=\"9562b27\" data-element_type=\"section\" data-e-type=\"section\">\n\t\t\t\t\t\t<div class=\"elementor-container elementor-column-gap-default\">\n\t\t\t\t\t<div class=\"elementor-column elementor-col-100 elementor-inner-column elementor-element elementor-element-8105f01 elementor-hidden-tablet elementor-hidden-mobile\" data-id=\"8105f01\" data-element_type=\"column\" data-e-type=\"column\">\n\t\t\t<div class=\"elementor-widget-wrap elementor-element-populated\">\n\t\t\t\t\t\t<div class=\"elementor-element elementor-element-c76eb31 elementor-widget elementor-widget-html\" data-id=\"c76eb31\" data-element_type=\"widget\" data-e-type=\"widget\" data-widget_type=\"html.default\">\n\t\t\t\t<div class=\"elementor-widget-container\">\n\t\t\t\t\t<!-- <link rel=\"stylesheet\" media=\"screen, projection\" type=\"text\/css\" href=\"igs_wp.css\"> -->\n<header role=\"banner\">\n\t<div class=\"bg-white\">\n\t\t<div class=\"l-header__inner\">\n\t\t\t<div class=\"d-none d-lg-block\">\n\t\t\t\t<div class=\"l-header__bar\">\n\t\t\t\t\t<a href=\"\/home\" class=\"l-header__brand d-none d-lg-block\" title=\"Landesamt f\u00fcr Natur, Umwelt und Verbraucherschutz Nordrhein-Westfalen\"> <img decoding=\"async\"  id=\"logo-lanuv\" src=\"https:\/\/igsvtu.lanuk.nrw.de\/wp-content\/uploads\/2023\/07\/RZ_IGS-Icon_RGB_230703-768x223.png\" width=\"250\" alt=\"Logo Thing main logo\">\n\t\t\t\t\t<\/a>\n\t\t\t\t    <a href=\"https:\/\/www.lanuk.nrw.de\" class=\"l-header__brand-sec\" > <img decoding=\"async\" src=\"https:\/\/igsvtu.lanuk.nrw.de\/wp-content\/uploads\/2025\/04\/lanuk-nrw.png\" width=\"184\" alt=\"Landesamt f\u00fcr Natur, Umwelt und Klima Nordrhein-Westfalen\">\n\t\t\t\t    <\/a>\n\t\t\t\t<\/div>\n\t\t\t<\/div>\n\t\t<\/div>\n\t<\/div>\n<\/header>\n<style>\nheader[role=\"banner\"] {\n  #logo-main {\n    display: block;\n    margin: 20px auto;\n    margin-left: 260px;\n  }\n  .bg-white {\n  --bg-color: var(--lanuv-white-main);\n  background-color:var(--bg-color)\n}\n@media print {\n  .bg-white {\n    background:none\n  }\n}\n.bg-white {\n  --bs-bg-opacity: 1;\n  background-color:rgba(var(--bs-white-rgb), var(--bs-bg-opacity)) !important\n}\n.l-header__inner {\n  max-width:1440px;\n  margin:0 auto;\n  padding:0 16px;\n  transition:all .2s ease\n}\n.d-none {\n  display:none !important\n}\n  .d-lg-block {\n    display:block !important\n  }\n  .l-header__bar {\n  display:flex;\n  align-items:center;\n  height:var(--l-header-h);\n  gap:20px;\n  transition:all .2s ease\n}\n  .l-header__brand {\n    display:block !important\n  }\n  .l-header__brand-sec {\n  margin-left:auto\n}\n<\/style>\t\t\t\t<\/div>\n\t\t\t\t<\/div>\n\t\t\t\t\t<\/div>\n\t\t<\/div>\n\t\t\t\t\t<\/div>\n\t\t<\/section>\n\t\t\t\t<section class=\"elementor-section elementor-inner-section elementor-element elementor-element-b6a4269 elementor-section-full_width elementor-hidden-desktop elementor-section-height-default elementor-section-height-default\" data-id=\"b6a4269\" data-element_type=\"section\" data-e-type=\"section\">\n\t\t\t\t\t\t<div class=\"elementor-container elementor-column-gap-default\">\n\t\t\t\t\t<div class=\"elementor-column elementor-col-33 elementor-inner-column elementor-element elementor-element-fb99145\" data-id=\"fb99145\" data-element_type=\"column\" data-e-type=\"column\">\n\t\t\t<div class=\"elementor-widget-wrap elementor-element-populated\">\n\t\t\t\t\t\t<div class=\"elementor-element elementor-element-0eaf6aa elementor-widget elementor-widget-image\" data-id=\"0eaf6aa\" data-element_type=\"widget\" data-e-type=\"widget\" data-widget_type=\"image.default\">\n\t\t\t\t<div class=\"elementor-widget-container\">\n\t\t\t\t\t\t\t\t\t\t\t\t\t\t\t<img fetchpriority=\"high\" decoding=\"async\" width=\"1024\" height=\"298\" src=\"https:\/\/igsvtu.lanuk.nrw.de\/wp-content\/uploads\/2023\/07\/RZ_IGS-Icon_RGB_230703-1024x298.png\" class=\"attachment-large size-large wp-image-1608\" alt=\"\" srcset=\"https:\/\/igsvtu.lanuk.nrw.de\/wp-content\/uploads\/2023\/07\/RZ_IGS-Icon_RGB_230703-1024x298.png 1024w, https:\/\/igsvtu.lanuk.nrw.de\/wp-content\/uploads\/2023\/07\/RZ_IGS-Icon_RGB_230703-300x87.png 300w, https:\/\/igsvtu.lanuk.nrw.de\/wp-content\/uploads\/2023\/07\/RZ_IGS-Icon_RGB_230703-768x223.png 768w, https:\/\/igsvtu.lanuk.nrw.de\/wp-content\/uploads\/2023\/07\/RZ_IGS-Icon_RGB_230703-1536x447.png 1536w, https:\/\/igsvtu.lanuk.nrw.de\/wp-content\/uploads\/2023\/07\/RZ_IGS-Icon_RGB_230703-18x5.png 18w, https:\/\/igsvtu.lanuk.nrw.de\/wp-content\/uploads\/2023\/07\/RZ_IGS-Icon_RGB_230703.png 1612w\" sizes=\"(max-width: 1024px) 100vw, 1024px\" \/>\t\t\t\t\t\t\t\t\t\t\t\t\t\t\t<\/div>\n\t\t\t\t<\/div>\n\t\t\t\t\t<\/div>\n\t\t<\/div>\n\t\t\t\t<div class=\"elementor-column elementor-col-33 elementor-inner-column elementor-element elementor-element-4a32eee\" data-id=\"4a32eee\" data-element_type=\"column\" data-e-type=\"column\">\n\t\t\t<div class=\"elementor-widget-wrap\">\n\t\t\t\t\t\t\t<\/div>\n\t\t<\/div>\n\t\t\t\t<div class=\"elementor-column elementor-col-33 elementor-inner-column elementor-element elementor-element-55d1f61\" data-id=\"55d1f61\" data-element_type=\"column\" data-e-type=\"column\">\n\t\t\t<div class=\"elementor-widget-wrap elementor-element-populated\">\n\t\t\t\t\t\t<div class=\"elementor-element elementor-element-91d9c52 elementor-widget__width-initial elementor-widget elementor-widget-image\" data-id=\"91d9c52\" data-element_type=\"widget\" data-e-type=\"widget\" data-widget_type=\"image.default\">\n\t\t\t\t<div class=\"elementor-widget-container\">\n\t\t\t\t\t\t\t\t\t\t\t\t\t\t\t<img decoding=\"async\" width=\"300\" height=\"82\" src=\"https:\/\/igsvtu.lanuk.nrw.de\/wp-content\/uploads\/2025\/04\/lanuk-nrw-300x82.png\" class=\"attachment-medium size-medium wp-image-2648\" alt=\"\" srcset=\"https:\/\/igsvtu.lanuk.nrw.de\/wp-content\/uploads\/2025\/04\/lanuk-nrw-300x82.png 300w, https:\/\/igsvtu.lanuk.nrw.de\/wp-content\/uploads\/2025\/04\/lanuk-nrw-1024x280.png 1024w, https:\/\/igsvtu.lanuk.nrw.de\/wp-content\/uploads\/2025\/04\/lanuk-nrw-768x210.png 768w, https:\/\/igsvtu.lanuk.nrw.de\/wp-content\/uploads\/2025\/04\/lanuk-nrw-1536x420.png 1536w, https:\/\/igsvtu.lanuk.nrw.de\/wp-content\/uploads\/2025\/04\/lanuk-nrw-18x5.png 18w, https:\/\/igsvtu.lanuk.nrw.de\/wp-content\/uploads\/2025\/04\/lanuk-nrw.png 1661w\" sizes=\"(max-width: 300px) 100vw, 300px\" \/>\t\t\t\t\t\t\t\t\t\t\t\t\t\t\t<\/div>\n\t\t\t\t<\/div>\n\t\t\t\t\t<\/div>\n\t\t<\/div>\n\t\t\t\t\t<\/div>\n\t\t<\/section>\n\t\t\t\t\t<\/div>\n\t\t<\/div>\n\t\t\t\t\t<\/div>\n\t\t<\/section>\n\t\t\t\t<section class=\"elementor-section elementor-top-section elementor-element elementor-element-17cfeb7 elementor-section-boxed elementor-section-height-default elementor-section-height-default\" data-id=\"17cfeb7\" data-element_type=\"section\" data-e-type=\"section\">\n\t\t\t\t\t\t<div class=\"elementor-container elementor-column-gap-default\">\n\t\t\t\t\t<div class=\"elementor-column elementor-col-100 elementor-top-column elementor-element elementor-element-3ff4c71\" data-id=\"3ff4c71\" data-element_type=\"column\" data-e-type=\"column\">\n\t\t\t<div class=\"elementor-widget-wrap elementor-element-populated\">\n\t\t\t\t\t\t<div class=\"elementor-element elementor-element-ecf62ed elementor-widget elementor-widget-text-editor\" data-id=\"ecf62ed\" data-element_type=\"widget\" data-e-type=\"widget\" data-widget_type=\"text-editor.default\">\n\t\t\t\t<div class=\"elementor-widget-container\">\n\t\t\t\t\t\t\t\t\t<h4><strong>Hinweis zur verantwortlichen Stelle ist dem Impressum zu entnehmen.<\/strong><\/h4><h4><strong> Gesetzlich vorgeschriebener Datenschutzbeauftragter LANUK NRW<\/strong><\/h4><p>Landesamt f\u00fcr Natur, Umwelt und Klima Nordrhein Westfalen (LANUK)<br \/>Leibnitzstr. 10 <br \/>45659 Recklinghausen<br \/>Telefon: <a href=\"tel:+4923613050\">+49 (0)2361 305 0<\/a><br \/>E-Mail: <a href=\"mailto:datenschutz@lanuv.nrw.de\">datenschutz@lanuv.nrw.de<\/a><\/p><div>\u00a0<\/div><div>\u00a0<\/div><h4><strong>Erfassung, Verarbeitung und Weitergabe von personenbezogenen Daten<\/strong><\/h4><p>Bei jeder Anforderung einer Internetdatei werden folgende Zugriffsdaten bei der IT.NRW f\u00fcr statistische Auswertungen durch Mitarbeiter des LANUV NRW gespeichert:<\/p><ul><li>die Seite, von der aus die Datei angefordert wurde,<\/li><li>der Name der aufgerufenen Datei,<\/li><li>das Datum und die Uhrzeit der Anforderung,<\/li><li>die \u00fcbertragene Datenmenge,<\/li><li>der Zugriffstatus (Datei \u00fcbertragen, Datei nicht gefunden etc.),<\/li><li>die Zugriffsart (GET, POST),<\/li><li>die Beschreibung des verwendeten Webbrowsers bzw. des Betriebssystems,<\/li><li>die anonymisierte IP-Adresse des anfordernden Rechners,<\/li><\/ul><p>Die gespeicherten Daten werden ausschlie\u00dflich zu technischen oder statistischen Zwecken ben\u00f6tigt und werden nach 3 Monaten automatisch gel\u00f6scht. Ein Abgleich mit anderen Datenbest\u00e4nden oder eine Weitergabe an Dritte, auch in Ausz\u00fcgen, findet nicht statt.<\/p><h4>Cookies<\/h4><p>Entsprechend den Regeln des deutschen Bundesdatenschutzgesetzes (BDSG) m\u00f6chten wir die Nutzer von IGS dar\u00fcber informieren, dass w\u00e4hrend des Arbeitens mit IGS automatisch Cookies mit Session-Ids und dem Usernamen erstellt werden. Die Cookies dienen einer komfortableren Programmnutzung und werden zeitnah nach Schlie\u00dfen der Anwendung wieder gel\u00f6scht. Die Verwendung dieser Funktionalit\u00e4t kann durch Einstellungen des Browser vom jeweiligen Nutzer ausgeschaltet werden. Dies kann aber dazu f\u00fchren, dass Inhalte nicht mehr richtig angezeigt werden k\u00f6nnen.<\/p><h4>Registrierung<\/h4><p>Sie k\u00f6nnen sich auf unserer Website registrieren, um zus\u00e4tzliche Funktionen auf der Seite zu nutzen. Die dazu eingegebenen Daten verwenden wir nur zum Zwecke der Nutzung des jeweiligen Angebotes oder Dienstes, f\u00fcr den Sie sich registriert haben. Die bei der Registrierung abgefragten Pflichtangaben m\u00fcssen vollst\u00e4ndig angegeben werden. Anderenfalls werden wir die Registrierung ablehnen. F\u00fcr wichtige \u00c4nderungen etwa beim Angebotsumfang oder bei technisch notwendigen \u00c4nderungen nutzen wir die bei der Registrierung angegebene E-Mail-Adresse, um Sie auf diesem Wege zu informieren. Die Verarbeitung der bei der Registrierung eingegebenen Daten erfolgt auf Grundlage Ihrer Einwilligung (Art. 6 Abs. 1 lit. a DS-GVO). Sie k\u00f6nnen eine von Ihnen erteilte Einwilligung jederzeit widerrufen. Dazu reicht eine formlose Mitteilung per E-Mail an uns. Die Rechtm\u00e4\u00dfigkeit der bereits erfolgten Datenverarbeitung bleibt vom Widerruf unber\u00fchrt. Die bei der Registrierung erfassten Daten werden von uns gespeichert, solange Sie auf unserer Website registriert sind und werden anschlie\u00dfend gel\u00f6scht. Gesetzliche Aufbewahrungsfristen bleiben unber\u00fchrt.<\/p><h4>Kontaktformular<\/h4><p>Wenn Sie uns per Kontaktformular Anfragen zukommen lassen, werden Ihre Angaben aus dem Anfrageformular inklusive der von Ihnen dort angegebenen Kontaktdaten zwecks Bearbeitung der Anfrage und f\u00fcr den Fall von Anschlussfragen bei uns gespeichert. Diese Daten geben wir nicht ohne Ihre Einwilligung weiter. Die Verarbeitung der in das Kontaktformular eingegebenen Daten erfolgt somit ausschliesslich auf Grundlage Ihrer Einwilligung (Art. 6 Abs. 1 lit. a DS-GVO). Sie k\u00f6nnen diese Einwilligung jederzeit widerrufen. Dazu reicht eine formlose Mitteilung per E-Mail an uns. Die Rechtm\u00e4\u00dfigkeit der bis zum Widerruf erfolgten Datenverarbeitungsvorg\u00e4nge bleibt vom Widerruf unber\u00fchrt. Die von Ihnen im Kontaktformular eingegebenen Daten verbleiben bei uns, bis Sie uns zur L\u00f6schung auffordern, Ihre Einwilligung zur Speicherung widerrufen oder der Zweck f\u00fcr die Datenspeicherung entf\u00e4llt (z.B. nach abgeschlo\u00dfener Bearbeitung Ihrer Anfrage). Zwingende gesetzliche Bestimmungen &#8211; insbesondere Aufbewahrungsfristen &#8211; bleiben unber\u00fchrt.<\/p><h4><strong>Datenanalyse mit Piwik <br \/><\/strong><\/h4><p>Auf dieser Webseite werden mit <a href=\"https:\/\/piwik.org\/\" target=\"_blank\" rel=\"noopener\">Piwik<\/a>, einem Open-Source Web-Analyse-Tool, Daten zu Optimierungszwecken gesammelt und gespeichert. Aus diesen Daten k\u00f6nnen unter einem Pseudonym Nutzungsprofile erstellt werden. Hierzu k\u00f6nnen Cookies eingesetzt werden. Die Cookies erm\u00f6glichen die Wiedererkennung des Internet-Browsers. Die mit Piwik erhobene Daten werden ohne die gesondert erteilte Zustimmung des Betroffenen nicht dazu benutzt, den Besucher dieser Webseite pers\u00f6nlich zun identifizieren und auch nicht mit personenbezogenen Daten \u00fcber den Tr\u00e4ger des Pseudonyms zusammengef\u00fchrt.<\/p><p>Sie k\u00f6nnen die Erfassung durch Piwik verhindern, indem sie auf folgenden Link klicken. Es wird ein Opt-Out-Code-Cookie gesetzt, das die zuk\u00fcnftige Erfassung ihrer Daten beim Besuch dieser Webseite verhindert: <a href=\"https:\/\/www.kdbz.de\/piwik\/index.php?module=CoreAdminHome&amp;action=optOut&amp;language=de\">Piwik deaktivieren<\/a><\/p><h4>Datenschutzerkl\u00e4rungen des LANUK NRW und der Fa. Kisters AG<\/h4><p><a href=\"https:\/\/www.lanuv.nrw.de\/landesamt\/daten-und-informationsdienste\/datenschutz\/\" target=\"new\">Datenschutzerkl\u00e4rung des LANUK NRW<\/a><\/p><p><a href=\"https:\/\/www.kisters.de\/unternehmen\/datenschutzerklaerung.html\">Datenschutzerkl\u00e4rung der KISTERS AG<\/a><\/p><p>Allgemeines zum Thema Datenschutz ist auf den Internetseiten der Nordrheinwestf\u00e4lischen Datenschutzbeauftragten zu finden: <br \/><a href=\"http:\/\/www.ldi.nrw.de\/\" target=\"new\">www.ldi.nrw.de<\/a><\/p>\t\t\t\t\t\t\t\t<\/div>\n\t\t\t\t<\/div>\n\t\t\t\t\t<\/div>\n\t\t<\/div>\n\t\t\t\t\t<\/div>\n\t\t<\/section>\n\t\t\t\t<section class=\"elementor-section elementor-top-section elementor-element elementor-element-25f84eb elementor-section-boxed elementor-section-height-default elementor-section-height-default\" data-id=\"25f84eb\" data-element_type=\"section\" data-e-type=\"section\">\n\t\t\t\t\t\t<div class=\"elementor-container elementor-column-gap-default\">\n\t\t\t\t\t<div class=\"elementor-column elementor-col-100 elementor-top-column elementor-element elementor-element-039068c\" data-id=\"039068c\" data-element_type=\"column\" data-e-type=\"column\">\n\t\t\t<div class=\"elementor-widget-wrap elementor-element-populated\">\n\t\t\t\t\t\t<div class=\"elementor-element elementor-element-3db0d8e elementor-widget__width-initial elementor-widget elementor-widget-ekit-nav-menu\" data-id=\"3db0d8e\" data-element_type=\"widget\" data-e-type=\"widget\" data-widget_type=\"ekit-nav-menu.default\">\n\t\t\t\t<div class=\"elementor-widget-container\">\n\t\t\t\t\t\t\t<nav class=\"ekit-wid-con ekit_menu_responsive_tablet\"\n\t\t\tdata-hamburger-icon=\"\"\n\t\t\tdata-hamburger-icon-type=\"icon\"\n\t\t\tdata-responsive-breakpoint=\"1024\">\n\t\t\t            <button class=\"elementskit-menu-hamburger elementskit-menu-toggler\"  type=\"button\" aria-label=\"hamburger-icon\">\n                                    <span class=\"elementskit-menu-hamburger-icon\"><\/span><span class=\"elementskit-menu-hamburger-icon\"><\/span><span class=\"elementskit-menu-hamburger-icon\"><\/span>\n                            <\/button>\n            <div id=\"ekit-megamenu-footer2\" class=\"elementskit-menu-container elementskit-menu-offcanvas-elements elementskit-navbar-nav-default ekit-nav-menu-one-page-no ekit-nav-dropdown-hover\"><ul id=\"menu-footer2\" class=\"elementskit-navbar-nav elementskit-menu-po-left submenu-click-on-icon\"><li id=\"menu-item-1107\" class=\"menu-item menu-item-type-post_type menu-item-object-page menu-item-1107 nav-item elementskit-mobile-builder-content\" data-vertical-menu=750px><a href=\"https:\/\/igsvtu.lanuk.nrw.de\/en\/home\/\" class=\"ekit-menu-nav-link\">Home<\/a><\/li>\n<li id=\"menu-item-1643\" class=\"menu-item menu-item-type-custom menu-item-object-custom menu-item-1643 nav-item elementskit-mobile-builder-content\" data-vertical-menu=750px><a href=\"mailto:igs@lanuv.nrw.de\" class=\"ekit-menu-nav-link\">Fragen an das IGS-Team<\/a><\/li>\n<li id=\"menu-item-1108\" class=\"menu-item menu-item-type-post_type menu-item-object-page menu-item-1108 nav-item elementskit-mobile-builder-content\" data-vertical-menu=750px><a href=\"https:\/\/igsvtu.lanuk.nrw.de\/en\/home\/impressum\/\" class=\"ekit-menu-nav-link\">Impressum<\/a><\/li>\n<li id=\"menu-item-1109\" class=\"menu-item menu-item-type-post_type menu-item-object-page menu-item-privacy-policy menu-item-1109 nav-item elementskit-mobile-builder-content\" data-vertical-menu=750px><a href=\"https:\/\/igsvtu.lanuk.nrw.de\/en\/home\/datenschutzerklaerung-2\/\" class=\"ekit-menu-nav-link\">Datenschutzerkl\u00e4rung<\/a><\/li>\n<li id=\"menu-item-2056\" class=\"menu-item menu-item-type-post_type menu-item-object-page menu-item-2056 nav-item elementskit-mobile-builder-content\" data-vertical-menu=750px><a href=\"https:\/\/igsvtu.lanuk.nrw.de\/en\/home\/nutzungsbedingungen\/\" class=\"ekit-menu-nav-link\">Nutzungsbedingungen<\/a><\/li>\n<li id=\"menu-item-2558\" class=\"trp-language-switcher-container menu-item menu-item-type-post_type menu-item-object-language_switcher current-language-menu-item menu-item-2558 nav-item elementskit-mobile-builder-content\" data-vertical-menu=750px><a href=\"https:\/\/igsvtu.lanuk.nrw.de\/en\/wp-json\/wp\/v2\/pages\/947#TRPLINKPROCESSED\" class=\"ekit-menu-nav-link\"><span data-no-translation><span class=\"trp-ls-language-name\">DE<\/span><\/span><\/a><\/li>\n<\/ul><div class=\"elementskit-nav-identity-panel\"><button class=\"elementskit-menu-close elementskit-menu-toggler\" type=\"button\">X<\/button><\/div><\/div>\n\t\t\t<div class=\"elementskit-menu-overlay elementskit-menu-offcanvas-elements elementskit-menu-toggler ekit-nav-menu--overlay\"><\/div>        <\/nav>\n\t\t\t\t\t\t<\/div>\n\t\t\t\t<\/div>\n\t\t\t\t<div class=\"elementor-element elementor-element-d0e991e elementor-widget__width-initial elementor-widget elementor-widget-text-editor\" data-id=\"d0e991e\" data-element_type=\"widget\" data-e-type=\"widget\" data-widget_type=\"text-editor.default\">\n\t\t\t\t<div class=\"elementor-widget-container\">\n\t\t\t\t\t\t\t\t\t<p>\u00a9 LANUK\u00a0 2026<\/p>\t\t\t\t\t\t\t\t<\/div>\n\t\t\t\t<\/div>\n\t\t\t\t\t<\/div>\n\t\t<\/div>\n\t\t\t\t\t<\/div>\n\t\t<\/section>\n\t\t\t\t<\/div>\n\t\t","protected":false},"excerpt":{"rendered":"<p>Hinweis zur verantwortlichen Stelle ist dem Impressum zu entnehmen. Gesetzlich vorgeschriebener Datenschutzbeauftragter LANUK NRW Landesamt f\u00fcr Natur, Umwelt und Klima Nordrhein Westfalen (LANUK)Leibnitzstr. 10 45659 RecklinghausenTelefon: +49 (0)2361 305 0E-Mail: datenschutz@lanuv.nrw.de \u00a0\u00a0 Erfassung, Verarbeitung und Weitergabe von personenbezogenen Daten Bei jeder Anforderung einer Internetdatei werden folgende Zugriffsdaten bei der IT.NRW f\u00fcr statistische Auswertungen durch Mitarbeiter [&hellip;]<\/p>\n","protected":false},"author":4,"featured_media":0,"parent":25,"menu_order":0,"comment_status":"closed","ping_status":"closed","template":"elementor_canvas","meta":{"ocean_post_layout":"full-screen","ocean_both_sidebars_style":"","ocean_both_sidebars_content_width":0,"ocean_both_sidebars_sidebars_width":0,"ocean_sidebar":"0","ocean_second_sidebar":"0","ocean_disable_margins":"enable","ocean_add_body_class":"","ocean_shortcode_before_top_bar":"","ocean_shortcode_after_top_bar":"","ocean_shortcode_before_header":"","ocean_shortcode_after_header":"","ocean_has_shortcode":"","ocean_shortcode_after_title":"","ocean_shortcode_before_footer_widgets":"","ocean_shortcode_after_footer_widgets":"","ocean_shortcode_before_footer_bottom":"","ocean_shortcode_after_footer_bottom":"","ocean_display_top_bar":"off","ocean_display_header":"off","ocean_header_style":"","ocean_center_header_left_menu":"0","ocean_custom_header_template":"0","ocean_custom_logo":0,"ocean_custom_retina_logo":0,"ocean_custom_logo_max_width":0,"ocean_custom_logo_tablet_max_width":0,"ocean_custom_logo_mobile_max_width":0,"ocean_custom_logo_max_height":0,"ocean_custom_logo_tablet_max_height":0,"ocean_custom_logo_mobile_max_height":0,"ocean_header_custom_menu":"0","ocean_menu_typo_font_family":"0","ocean_menu_typo_font_subset":"","ocean_menu_typo_font_size":0,"ocean_menu_typo_font_size_tablet":0,"ocean_menu_typo_font_size_mobile":0,"ocean_menu_typo_font_size_unit":"px","ocean_menu_typo_font_weight":"","ocean_menu_typo_font_weight_tablet":"","ocean_menu_typo_font_weight_mobile":"","ocean_menu_typo_transform":"","ocean_menu_typo_transform_tablet":"","ocean_menu_typo_transform_mobile":"","ocean_menu_typo_line_height":0,"ocean_menu_typo_line_height_tablet":0,"ocean_menu_typo_line_height_mobile":0,"ocean_menu_typo_line_height_unit":"","ocean_menu_typo_spacing":0,"ocean_menu_typo_spacing_tablet":0,"ocean_menu_typo_spacing_mobile":0,"ocean_menu_typo_spacing_unit":"","ocean_menu_link_color":"","ocean_menu_link_color_hover":"","ocean_menu_link_color_active":"","ocean_menu_link_background":"","ocean_menu_link_hover_background":"","ocean_menu_link_active_background":"","ocean_menu_social_links_bg":"","ocean_menu_social_hover_links_bg":"","ocean_menu_social_links_color":"","ocean_menu_social_hover_links_color":"","ocean_disable_title":"on","ocean_disable_heading":"default","ocean_post_title":"","ocean_post_subheading":"","ocean_post_title_style":"","ocean_post_title_background_color":"","ocean_post_title_background":0,"ocean_post_title_bg_image_position":"","ocean_post_title_bg_image_attachment":"","ocean_post_title_bg_image_repeat":"","ocean_post_title_bg_image_size":"","ocean_post_title_height":0,"ocean_post_title_bg_overlay":0.5,"ocean_post_title_bg_overlay_color":"","ocean_disable_breadcrumbs":"default","ocean_breadcrumbs_color":"","ocean_breadcrumbs_separator_color":"","ocean_breadcrumbs_links_color":"","ocean_breadcrumbs_links_hover_color":"","ocean_display_footer_widgets":"default","ocean_display_footer_bottom":"default","ocean_custom_footer_template":"0","footnotes":""},"class_list":["post-947","page","type-page","status-publish","hentry","entry"],"_links":{"self":[{"href":"https:\/\/igsvtu.lanuk.nrw.de\/en\/wp-json\/wp\/v2\/pages\/947","targetHints":{"allow":["GET"]}}],"collection":[{"href":"https:\/\/igsvtu.lanuk.nrw.de\/en\/wp-json\/wp\/v2\/pages"}],"about":[{"href":"https:\/\/igsvtu.lanuk.nrw.de\/en\/wp-json\/wp\/v2\/types\/page"}],"author":[{"embeddable":true,"href":"https:\/\/igsvtu.lanuk.nrw.de\/en\/wp-json\/wp\/v2\/users\/4"}],"replies":[{"embeddable":true,"href":"https:\/\/igsvtu.lanuk.nrw.de\/en\/wp-json\/wp\/v2\/comments?post=947"}],"version-history":[{"count":54,"href":"https:\/\/igsvtu.lanuk.nrw.de\/en\/wp-json\/wp\/v2\/pages\/947\/revisions"}],"predecessor-version":[{"id":3093,"href":"https:\/\/igsvtu.lanuk.nrw.de\/en\/wp-json\/wp\/v2\/pages\/947\/revisions\/3093"}],"up":[{"embeddable":true,"href":"https:\/\/igsvtu.lanuk.nrw.de\/en\/wp-json\/wp\/v2\/pages\/25"}],"wp:attachment":[{"href":"https:\/\/igsvtu.lanuk.nrw.de\/en\/wp-json\/wp\/v2\/media?parent=947"}],"curies":[{"name":"wp","href":"https:\/\/api.w.org\/{rel}","templated":true}]}}