{"id":957,"date":"2021-12-16T12:25:55","date_gmt":"2021-12-16T11:25:55","guid":{"rendered":"https:\/\/igsvtu.lanuv.nrw.de\/?page_id=957"},"modified":"2026-04-29T12:46:36","modified_gmt":"2026-04-29T10:46:36","slug":"impressum","status":"publish","type":"page","link":"https:\/\/igsvtu.lanuk.nrw.de\/en\/home\/impressum\/","title":{"rendered":"Impressum"},"content":{"rendered":"\t\t<div data-elementor-type=\"wp-page\" data-elementor-id=\"957\" class=\"elementor elementor-957\">\n\t\t\t\t\t\t<section class=\"elementor-section elementor-top-section elementor-element elementor-element-1f6df1a elementor-section-full_width elementor-section-stretched elementor-section-height-default elementor-section-height-default\" data-id=\"1f6df1a\" data-element_type=\"section\" data-e-type=\"section\" data-settings=\"{&quot;stretch_section&quot;:&quot;section-stretched&quot;,&quot;background_background&quot;:&quot;classic&quot;}\">\n\t\t\t\t\t\t<div class=\"elementor-container elementor-column-gap-default\">\n\t\t\t\t\t<div class=\"elementor-column elementor-col-100 elementor-top-column elementor-element elementor-element-e77b0ab\" data-id=\"e77b0ab\" data-element_type=\"column\" data-e-type=\"column\" data-settings=\"{&quot;background_background&quot;:&quot;classic&quot;}\">\n\t\t\t<div class=\"elementor-widget-wrap elementor-element-populated\">\n\t\t\t\t\t\t<section class=\"elementor-section elementor-inner-section elementor-element elementor-element-7939eb6 elementor-section-height-min-height elementor-section-content-middle elementor-section-boxed elementor-section-height-default\" data-id=\"7939eb6\" data-element_type=\"section\" data-e-type=\"section\">\n\t\t\t\t\t\t<div class=\"elementor-container elementor-column-gap-default\">\n\t\t\t\t\t<div class=\"elementor-column elementor-col-100 elementor-inner-column elementor-element elementor-element-3488b2e elementor-hidden-tablet elementor-hidden-mobile\" data-id=\"3488b2e\" data-element_type=\"column\" data-e-type=\"column\">\n\t\t\t<div class=\"elementor-widget-wrap elementor-element-populated\">\n\t\t\t\t\t\t<div class=\"elementor-element elementor-element-80a8553 elementor-widget elementor-widget-html\" data-id=\"80a8553\" data-element_type=\"widget\" data-e-type=\"widget\" data-widget_type=\"html.default\">\n\t\t\t\t<div class=\"elementor-widget-container\">\n\t\t\t\t\t<!-- <link rel=\"stylesheet\" media=\"screen, projection\" type=\"text\/css\" href=\"igs_wp.css\"> -->\n<header role=\"banner\">\n\t<div class=\"bg-white\">\n\t\t<div class=\"l-header__inner\">\n\t\t\t<div class=\"d-none d-lg-block\">\n\t\t\t\t<div class=\"l-header__bar\">\n\t\t\t\t\t<a href=\"\/home\" class=\"l-header__brand d-none d-lg-block\" title=\"Landesamt f\u00fcr Natur, Umwelt und Verbraucherschutz Nordrhein-Westfalen\"> <img decoding=\"async\"  id=\"logo-lanuv\" src=\"https:\/\/igsvtu.lanuk.nrw.de\/wp-content\/uploads\/2025\/04\/lanuk.png\" width=\"112\" alt=\"Logo Thing main logo\">\n\t\t\t\t\t<\/a>\n\t\t\t\t\t<img decoding=\"async\" id=\"logo-main\" src=\"https:\/\/igsvtu.lanuk.nrw.de\/wp-content\/uploads\/2023\/07\/RZ_IGS-Icon_RGB_230703-768x223.png\" width=\"250\" alt=\"IGS-Informationssystem Gef\u00e4hrliche Stoffe\">\n\t\t\t\t    <a href=\"https:\/\/www.lanuk.nrw.de\" class=\"l-header__brand-sec\" > <img decoding=\"async\" src=\"https:\/\/igsvtu.lanuk.nrw.de\/wp-content\/uploads\/2025\/04\/lanuk-nrw.png\" width=\"184\" alt=\"Landesamt f\u00fcr Natur, Umwelt und Klima Nordrhein-Westfalen\">\n\t\t\t\t    <\/a>\n\t\t\t\t<\/div>\n\t\t\t<\/div>\n\t\t<\/div>\n\t<\/div>\n<\/header>\n<style>\nheader[role=\"banner\"] {\n  #logo-main {\n    display: block;\n    margin: 20px auto;\n    margin-left: 260px;\n  }\n  .bg-white {\n  --bg-color: var(--lanuv-white-main);\n  background-color:var(--bg-color)\n}\n@media print {\n  .bg-white {\n    background:none\n  }\n}\n.bg-white {\n  --bs-bg-opacity: 1;\n  background-color:rgba(var(--bs-white-rgb), var(--bs-bg-opacity)) !important\n}\n.l-header__inner {\n  max-width:1440px;\n  margin:0 auto;\n  padding:0 16px;\n  transition:all .2s ease\n}\n.d-none {\n  display:none !important\n}\n  .d-lg-block {\n    display:block !important\n  }\n  .l-header__bar {\n  display:flex;\n  align-items:center;\n  height:var(--l-header-h);\n  gap:20px;\n  transition:all .2s ease\n}\n  .l-header__brand {\n    display:block !important\n  }\n  .l-header__brand-sec {\n  margin-left:auto\n}\n<\/style>\t\t\t\t<\/div>\n\t\t\t\t<\/div>\n\t\t\t\t\t<\/div>\n\t\t<\/div>\n\t\t\t\t\t<\/div>\n\t\t<\/section>\n\t\t\t\t<section class=\"elementor-section elementor-inner-section elementor-element elementor-element-dd52069 elementor-section-full_width elementor-hidden-desktop elementor-section-height-default elementor-section-height-default\" data-id=\"dd52069\" data-element_type=\"section\" data-e-type=\"section\">\n\t\t\t\t\t\t<div class=\"elementor-container elementor-column-gap-default\">\n\t\t\t\t\t<div class=\"elementor-column elementor-col-33 elementor-inner-column elementor-element elementor-element-c411407\" data-id=\"c411407\" data-element_type=\"column\" data-e-type=\"column\">\n\t\t\t<div class=\"elementor-widget-wrap elementor-element-populated\">\n\t\t\t\t\t\t<div class=\"elementor-element elementor-element-b2df946 elementor-widget__width-initial elementor-widget elementor-widget-image\" data-id=\"b2df946\" data-element_type=\"widget\" data-e-type=\"widget\" data-widget_type=\"image.default\">\n\t\t\t\t<div class=\"elementor-widget-container\">\n\t\t\t\t\t\t\t\t\t\t\t\t\t\t\t<img decoding=\"async\" width=\"224\" height=\"91\" src=\"https:\/\/igsvtu.lanuk.nrw.de\/wp-content\/uploads\/2025\/04\/lanuk.png\" class=\"attachment-medium size-medium wp-image-2647\" alt=\"\" srcset=\"https:\/\/igsvtu.lanuk.nrw.de\/wp-content\/uploads\/2025\/04\/lanuk.png 224w, https:\/\/igsvtu.lanuk.nrw.de\/wp-content\/uploads\/2025\/04\/lanuk-18x7.png 18w\" sizes=\"(max-width: 224px) 100vw, 224px\" \/>\t\t\t\t\t\t\t\t\t\t\t\t\t\t\t<\/div>\n\t\t\t\t<\/div>\n\t\t\t\t\t<\/div>\n\t\t<\/div>\n\t\t\t\t<div class=\"elementor-column elementor-col-33 elementor-inner-column elementor-element elementor-element-2e6e4ff\" data-id=\"2e6e4ff\" data-element_type=\"column\" data-e-type=\"column\">\n\t\t\t<div class=\"elementor-widget-wrap elementor-element-populated\">\n\t\t\t\t\t\t<div class=\"elementor-element elementor-element-26df900 elementor-widget elementor-widget-image\" data-id=\"26df900\" data-element_type=\"widget\" data-e-type=\"widget\" data-widget_type=\"image.default\">\n\t\t\t\t<div class=\"elementor-widget-container\">\n\t\t\t\t\t\t\t\t\t\t\t\t\t\t\t<img fetchpriority=\"high\" decoding=\"async\" width=\"1024\" height=\"298\" src=\"https:\/\/igsvtu.lanuk.nrw.de\/wp-content\/uploads\/2023\/07\/RZ_IGS-Icon_RGB_230703-1024x298.png\" class=\"attachment-large size-large wp-image-1608\" alt=\"\" srcset=\"https:\/\/igsvtu.lanuk.nrw.de\/wp-content\/uploads\/2023\/07\/RZ_IGS-Icon_RGB_230703-1024x298.png 1024w, https:\/\/igsvtu.lanuk.nrw.de\/wp-content\/uploads\/2023\/07\/RZ_IGS-Icon_RGB_230703-300x87.png 300w, https:\/\/igsvtu.lanuk.nrw.de\/wp-content\/uploads\/2023\/07\/RZ_IGS-Icon_RGB_230703-768x223.png 768w, https:\/\/igsvtu.lanuk.nrw.de\/wp-content\/uploads\/2023\/07\/RZ_IGS-Icon_RGB_230703-1536x447.png 1536w, https:\/\/igsvtu.lanuk.nrw.de\/wp-content\/uploads\/2023\/07\/RZ_IGS-Icon_RGB_230703-18x5.png 18w, https:\/\/igsvtu.lanuk.nrw.de\/wp-content\/uploads\/2023\/07\/RZ_IGS-Icon_RGB_230703.png 1612w\" sizes=\"(max-width: 1024px) 100vw, 1024px\" \/>\t\t\t\t\t\t\t\t\t\t\t\t\t\t\t<\/div>\n\t\t\t\t<\/div>\n\t\t\t\t\t<\/div>\n\t\t<\/div>\n\t\t\t\t<div class=\"elementor-column elementor-col-33 elementor-inner-column elementor-element elementor-element-eaa9ac3\" data-id=\"eaa9ac3\" data-element_type=\"column\" data-e-type=\"column\">\n\t\t\t<div class=\"elementor-widget-wrap elementor-element-populated\">\n\t\t\t\t\t\t<div class=\"elementor-element elementor-element-c3751ee elementor-widget__width-initial elementor-widget elementor-widget-image\" data-id=\"c3751ee\" data-element_type=\"widget\" data-e-type=\"widget\" data-widget_type=\"image.default\">\n\t\t\t\t<div class=\"elementor-widget-container\">\n\t\t\t\t\t\t\t\t\t\t\t\t\t\t\t<img decoding=\"async\" width=\"300\" height=\"82\" src=\"https:\/\/igsvtu.lanuk.nrw.de\/wp-content\/uploads\/2025\/04\/lanuk-nrw-300x82.png\" class=\"attachment-medium size-medium wp-image-2648\" alt=\"\" srcset=\"https:\/\/igsvtu.lanuk.nrw.de\/wp-content\/uploads\/2025\/04\/lanuk-nrw-300x82.png 300w, https:\/\/igsvtu.lanuk.nrw.de\/wp-content\/uploads\/2025\/04\/lanuk-nrw-1024x280.png 1024w, https:\/\/igsvtu.lanuk.nrw.de\/wp-content\/uploads\/2025\/04\/lanuk-nrw-768x210.png 768w, https:\/\/igsvtu.lanuk.nrw.de\/wp-content\/uploads\/2025\/04\/lanuk-nrw-1536x420.png 1536w, https:\/\/igsvtu.lanuk.nrw.de\/wp-content\/uploads\/2025\/04\/lanuk-nrw-18x5.png 18w, https:\/\/igsvtu.lanuk.nrw.de\/wp-content\/uploads\/2025\/04\/lanuk-nrw.png 1661w\" sizes=\"(max-width: 300px) 100vw, 300px\" \/>\t\t\t\t\t\t\t\t\t\t\t\t\t\t\t<\/div>\n\t\t\t\t<\/div>\n\t\t\t\t\t<\/div>\n\t\t<\/div>\n\t\t\t\t\t<\/div>\n\t\t<\/section>\n\t\t\t\t\t<\/div>\n\t\t<\/div>\n\t\t\t\t\t<\/div>\n\t\t<\/section>\n\t\t\t\t<section class=\"elementor-section elementor-top-section elementor-element elementor-element-c817552 elementor-section-boxed elementor-section-height-default elementor-section-height-default\" data-id=\"c817552\" data-element_type=\"section\" data-e-type=\"section\">\n\t\t\t\t\t\t<div class=\"elementor-container elementor-column-gap-default\">\n\t\t\t\t\t<div class=\"elementor-column elementor-col-100 elementor-top-column elementor-element elementor-element-a31667e\" data-id=\"a31667e\" data-element_type=\"column\" data-e-type=\"column\">\n\t\t\t<div class=\"elementor-widget-wrap elementor-element-populated\">\n\t\t\t\t\t\t<div class=\"elementor-element elementor-element-ff2c722 elementor-widget elementor-widget-text-editor\" data-id=\"ff2c722\" data-element_type=\"widget\" data-e-type=\"widget\" data-widget_type=\"text-editor.default\">\n\t\t\t\t<div class=\"elementor-widget-container\">\n\t\t\t\t\t\t\t\t\t<article><section><p><strong>Herausgeber<\/strong><\/p><p>Landesamt f\u00fcr Natur, Umwelt und Klima Nordrhein Westfalen (LANUK)<\/p><p>Leibnitzstr. 10<\/p><p>45659 Recklinghausen<\/p><p>Telefon: <a href=\"tel:+4923613050\">+49 (0)2361 305 0<\/a><\/p><p>Telefax: +49 (0)2361 305 3215<\/p><p>E-Mail: <a href=\"mailto:igs@lanuv.nrw.de\">igs@lanuv.nrw.de<\/a><\/p><p>Ust.-ID: DE 126 352 455<\/p><p>Das LANUK ist dem\u00a0Ministerium f\u00fcr Umwelt, Naturschutz und Verkehr des Landes NRW nachgeordnet und wird vertreten durch die Pr\u00e4sidentin Elke Reichert.<\/p><p><strong>Redaktion \/ Web Administration<\/strong><\/p><p>LANUK NRW<\/p><p>Abt. Anlagentechnik, Kreislaufwirtschaft<\/p><p>Fachbereich 76<\/p><p>Ansprechpartner\/in: Alina Frieling<\/p><p>Wallneyer-Str. 6<\/p><p>45133 Essen<\/p><p>Telefon: <a href=\"tel:+4920179951884\">+49 (0)201 7995 1884<\/a><\/p><p>Telefax: +49 (0)201 7995 1857<\/p><p>E-Mail: <a href=\"mailto:igs@lanuv.nrw.de\">igs@lanuk.nrw.de<\/a><\/p><p><strong>Programmtechnische Umsetzung<br \/><\/strong><\/p><p>Kisters AG<\/p><p>Arnold-Dehnen-Str. 49<\/p><p>D-47138 Duisburg<\/p><p>Homepage: <a href=\"http:\/\/www.kisters.de\/\">http:\/\/www.kisters.de<\/a><\/p><p><strong>Nutzungsbedingungen<br \/><\/strong><\/p><p><a href=\"http:\/\/www.kisters.de\/datenschutzerklaerung.html\">Nutzungsbedingungen der KISTERS AG<\/a><\/p><p><strong>Technischer Betrieb des Webservers<br \/><\/strong><\/p><p>Landesbetrieb Information und Technik Nordrhein Westfalen (IT.NRW)<\/p><p>Mauerstr. 51<\/p><p>40476 D\u00fcsseldorf<\/p><p>Web: <a href=\"https:\/\/www.it.nrw.de\/\" target=\"_blank\" rel=\"noopener\">www.it.nrw.de<\/a><\/p><p><strong>Haftung<\/strong><\/p><p>Das LANUV \u00fcbernimmt keine Gew\u00e4hr und haftet nicht f\u00fcr etwaige Sch\u00e4den materieller oder ideeller Art, die durch die Nutzung diese Dienstes verursacht werden. Wir weisen darauf hin, dass Gesetze, Verordnungen und Erlasse rechtsverbindlich in den einschl\u00e4gigen Verk\u00fcndungsorganen insbesondere den Gesetz- und Verordnungsbl\u00e4ttern bekannt gemacht werden.<\/p><p><strong>Haftungsausschluss<\/strong><\/p><p>Die Inhalte dieser Internetseite wurden mit der gebotenen Sorgfalt auf Inhalt, Herkunft und Wahrheit gepr\u00fcft. Es wird keine Gew\u00e4hr f\u00fcr die Vollst\u00e4ndigkeit, Richtigkeit oder Aktualit\u00e4t sowie die jederzeitige Verf\u00fcgbarkeit der bereitgestellten Informationen \u00fcbernommen. Eine Haftung f\u00fcSr Sch\u00e4den, die aus der Nutzung oder Nichtnutzung der auf dieser Internetseite angebotenen Informationen oder das Aufrufen oder Herunterladen von Daten wird ausgeschlossen. Ausserdem weisen wir darauf hin, dass Teile der Seite oder das gesamte Angebot ohne gesonderte Ank\u00fcndigung ver\u00e4ndert, erg\u00e4nzt oder gel\u00f6scht werden k\u00f6nnen. Auch die vor\u00fcbergehende oder endg\u00fcltige Beendigung der Ver\u00f6ffentlichung ist ohne Ank\u00fcndigung m\u00f6glich.<\/p><p><strong>Haftung Links und Verweise<\/strong><\/p><p>Diese Internetseite enth\u00e4lt Links und Verweise auf Internetseiten Dritter, auf die wir keinen Einfluss haben. Durch diese Links wird lediglich der Zugang zur Nutzung fremder Inhalte erm\u00f6glicht. Es wird keinerlei Verantwortung f\u00fcr die Inhalte von Internetseiten Dritter \u00fcbernommen.<\/p><p><strong>Urheberrecht<\/strong><\/p><p>Alle auf dieser Internetseite ver\u00f6ffentlichten Beitr\u00e4ge, Abbildungen und Daten sind urheberrechtlich gesch\u00fctzt. Jede vom Urheberrecht nicht zugelassene Verwertung bedarf der vorherigen Zustimmung des Herausgebers.<\/p><p><strong>Barrierefreiheit<\/strong><\/p><p>In die Gestaltung der Internetseite sind die Richtlinien des World Wide Web Consortiums (WAI) und die Verordnung zur barrierefreien Informationstechnik (BITV) eingeflossen. Sie sollen einen m&amp;ouuml;glichst unbeschr\u00e4nkten Zugang zu allen Informationen auf dieser Internetseite erm\u00f6glichen.<\/p><\/section><\/article><h1>\u00a0<\/h1>\t\t\t\t\t\t\t\t<\/div>\n\t\t\t\t<\/div>\n\t\t\t\t\t<\/div>\n\t\t<\/div>\n\t\t\t\t\t<\/div>\n\t\t<\/section>\n\t\t\t\t<section class=\"elementor-section elementor-top-section elementor-element elementor-element-a156228 elementor-section-boxed elementor-section-height-default elementor-section-height-default\" data-id=\"a156228\" data-element_type=\"section\" data-e-type=\"section\">\n\t\t\t\t\t\t<div class=\"elementor-container elementor-column-gap-default\">\n\t\t\t\t\t<div class=\"elementor-column elementor-col-100 elementor-top-column elementor-element elementor-element-00f2e7a\" data-id=\"00f2e7a\" data-element_type=\"column\" data-e-type=\"column\">\n\t\t\t<div class=\"elementor-widget-wrap elementor-element-populated\">\n\t\t\t\t\t\t<div class=\"elementor-element elementor-element-1e73ed2 elementor-widget__width-initial elementor-widget elementor-widget-ekit-nav-menu\" data-id=\"1e73ed2\" data-element_type=\"widget\" data-e-type=\"widget\" data-widget_type=\"ekit-nav-menu.default\">\n\t\t\t\t<div class=\"elementor-widget-container\">\n\t\t\t\t\t\t\t<nav class=\"ekit-wid-con ekit_menu_responsive_tablet\"\n\t\t\tdata-hamburger-icon=\"\"\n\t\t\tdata-hamburger-icon-type=\"icon\"\n\t\t\tdata-responsive-breakpoint=\"1024\">\n\t\t\t            <button class=\"elementskit-menu-hamburger elementskit-menu-toggler\"  type=\"button\" aria-label=\"hamburger-icon\">\n                                    <span class=\"elementskit-menu-hamburger-icon\"><\/span><span class=\"elementskit-menu-hamburger-icon\"><\/span><span class=\"elementskit-menu-hamburger-icon\"><\/span>\n                            <\/button>\n            <div id=\"ekit-megamenu-footer2\" class=\"elementskit-menu-container elementskit-menu-offcanvas-elements elementskit-navbar-nav-default ekit-nav-menu-one-page-no ekit-nav-dropdown-hover\"><ul id=\"menu-footer2\" class=\"elementskit-navbar-nav elementskit-menu-po-left submenu-click-on-icon\"><li id=\"menu-item-1107\" class=\"menu-item menu-item-type-post_type menu-item-object-page menu-item-1107 nav-item elementskit-mobile-builder-content\" data-vertical-menu=750px><a href=\"https:\/\/igsvtu.lanuk.nrw.de\/en\/home\/\" class=\"ekit-menu-nav-link\">Home<\/a><\/li>\n<li id=\"menu-item-1643\" class=\"menu-item menu-item-type-custom menu-item-object-custom menu-item-1643 nav-item elementskit-mobile-builder-content\" data-vertical-menu=750px><a href=\"mailto:igs@lanuv.nrw.de\" class=\"ekit-menu-nav-link\">Fragen an das IGS-Team<\/a><\/li>\n<li id=\"menu-item-1108\" class=\"menu-item menu-item-type-post_type menu-item-object-page menu-item-1108 nav-item elementskit-mobile-builder-content\" data-vertical-menu=750px><a href=\"https:\/\/igsvtu.lanuk.nrw.de\/en\/home\/impressum\/\" class=\"ekit-menu-nav-link\">Impressum<\/a><\/li>\n<li id=\"menu-item-1109\" class=\"menu-item menu-item-type-post_type menu-item-object-page menu-item-privacy-policy menu-item-1109 nav-item elementskit-mobile-builder-content\" data-vertical-menu=750px><a href=\"https:\/\/igsvtu.lanuk.nrw.de\/en\/home\/datenschutzerklaerung-2\/\" class=\"ekit-menu-nav-link\">Datenschutzerkl\u00e4rung<\/a><\/li>\n<li id=\"menu-item-2056\" class=\"menu-item menu-item-type-post_type menu-item-object-page menu-item-2056 nav-item elementskit-mobile-builder-content\" data-vertical-menu=750px><a href=\"https:\/\/igsvtu.lanuk.nrw.de\/en\/home\/nutzungsbedingungen\/\" class=\"ekit-menu-nav-link\">Nutzungsbedingungen<\/a><\/li>\n<li id=\"menu-item-2558\" class=\"trp-language-switcher-container menu-item menu-item-type-post_type menu-item-object-language_switcher current-language-menu-item menu-item-2558 nav-item elementskit-mobile-builder-content\" data-vertical-menu=750px><a href=\"https:\/\/igsvtu.lanuk.nrw.de\/en\/wp-json\/wp\/v2\/pages\/957#TRPLINKPROCESSED\" class=\"ekit-menu-nav-link\"><span data-no-translation><span class=\"trp-ls-language-name\">DE<\/span><\/span><\/a><\/li>\n<\/ul><div class=\"elementskit-nav-identity-panel\"><button class=\"elementskit-menu-close elementskit-menu-toggler\" type=\"button\">X<\/button><\/div><\/div>\n\t\t\t<div class=\"elementskit-menu-overlay elementskit-menu-offcanvas-elements elementskit-menu-toggler ekit-nav-menu--overlay\"><\/div>        <\/nav>\n\t\t\t\t\t\t<\/div>\n\t\t\t\t<\/div>\n\t\t\t\t<div class=\"elementor-element elementor-element-07bc169 elementor-widget__width-initial elementor-widget elementor-widget-text-editor\" data-id=\"07bc169\" data-element_type=\"widget\" data-e-type=\"widget\" data-widget_type=\"text-editor.default\">\n\t\t\t\t<div class=\"elementor-widget-container\">\n\t\t\t\t\t\t\t\t\t<p>\u00a9 LANUK\u00a0 2026<\/p>\t\t\t\t\t\t\t\t<\/div>\n\t\t\t\t<\/div>\n\t\t\t\t\t<\/div>\n\t\t<\/div>\n\t\t\t\t\t<\/div>\n\t\t<\/section>\n\t\t\t\t<\/div>\n\t\t","protected":false},"excerpt":{"rendered":"<p>Herausgeber Landesamt f\u00fcr Natur, Umwelt und Klima Nordrhein Westfalen (LANUK) Leibnitzstr. 10 45659 Recklinghausen Telefon: +49 (0)2361 305 0 Telefax: +49 (0)2361 305 3215 E-Mail: igs@lanuv.nrw.de Ust.-ID: DE 126 352 455 Das LANUK ist dem\u00a0Ministerium f\u00fcr Umwelt, Naturschutz und Verkehr des Landes NRW nachgeordnet und wird vertreten durch die Pr\u00e4sidentin Elke Reichert. Redaktion \/ Web [&hellip;]<\/p>\n","protected":false},"author":4,"featured_media":0,"parent":25,"menu_order":0,"comment_status":"closed","ping_status":"closed","template":"elementor_canvas","meta":{"ocean_post_layout":"full-screen","ocean_both_sidebars_style":"","ocean_both_sidebars_content_width":0,"ocean_both_sidebars_sidebars_width":0,"ocean_sidebar":"0","ocean_second_sidebar":"0","ocean_disable_margins":"enable","ocean_add_body_class":"","ocean_shortcode_before_top_bar":"","ocean_shortcode_after_top_bar":"","ocean_shortcode_before_header":"","ocean_shortcode_after_header":"","ocean_has_shortcode":"","ocean_shortcode_after_title":"","ocean_shortcode_before_footer_widgets":"","ocean_shortcode_after_footer_widgets":"","ocean_shortcode_before_footer_bottom":"","ocean_shortcode_after_footer_bottom":"","ocean_display_top_bar":"off","ocean_display_header":"off","ocean_header_style":"","ocean_center_header_left_menu":"0","ocean_custom_header_template":"0","ocean_custom_logo":0,"ocean_custom_retina_logo":0,"ocean_custom_logo_max_width":0,"ocean_custom_logo_tablet_max_width":0,"ocean_custom_logo_mobile_max_width":0,"ocean_custom_logo_max_height":0,"ocean_custom_logo_tablet_max_height":0,"ocean_custom_logo_mobile_max_height":0,"ocean_header_custom_menu":"0","ocean_menu_typo_font_family":"0","ocean_menu_typo_font_subset":"","ocean_menu_typo_font_size":0,"ocean_menu_typo_font_size_tablet":0,"ocean_menu_typo_font_size_mobile":0,"ocean_menu_typo_font_size_unit":"px","ocean_menu_typo_font_weight":"","ocean_menu_typo_font_weight_tablet":"","ocean_menu_typo_font_weight_mobile":"","ocean_menu_typo_transform":"","ocean_menu_typo_transform_tablet":"","ocean_menu_typo_transform_mobile":"","ocean_menu_typo_line_height":0,"ocean_menu_typo_line_height_tablet":0,"ocean_menu_typo_line_height_mobile":0,"ocean_menu_typo_line_height_unit":"","ocean_menu_typo_spacing":0,"ocean_menu_typo_spacing_tablet":0,"ocean_menu_typo_spacing_mobile":0,"ocean_menu_typo_spacing_unit":"","ocean_menu_link_color":"","ocean_menu_link_color_hover":"","ocean_menu_link_color_active":"","ocean_menu_link_background":"","ocean_menu_link_hover_background":"","ocean_menu_link_active_background":"","ocean_menu_social_links_bg":"","ocean_menu_social_hover_links_bg":"","ocean_menu_social_links_color":"","ocean_menu_social_hover_links_color":"","ocean_disable_title":"on","ocean_disable_heading":"default","ocean_post_title":"","ocean_post_subheading":"","ocean_post_title_style":"","ocean_post_title_background_color":"","ocean_post_title_background":0,"ocean_post_title_bg_image_position":"","ocean_post_title_bg_image_attachment":"","ocean_post_title_bg_image_repeat":"","ocean_post_title_bg_image_size":"","ocean_post_title_height":0,"ocean_post_title_bg_overlay":0.5,"ocean_post_title_bg_overlay_color":"","ocean_disable_breadcrumbs":"default","ocean_breadcrumbs_color":"","ocean_breadcrumbs_separator_color":"","ocean_breadcrumbs_links_color":"","ocean_breadcrumbs_links_hover_color":"","ocean_display_footer_widgets":"default","ocean_display_footer_bottom":"default","ocean_custom_footer_template":"0","footnotes":""},"class_list":["post-957","page","type-page","status-publish","hentry","entry"],"_links":{"self":[{"href":"https:\/\/igsvtu.lanuk.nrw.de\/en\/wp-json\/wp\/v2\/pages\/957","targetHints":{"allow":["GET"]}}],"collection":[{"href":"https:\/\/igsvtu.lanuk.nrw.de\/en\/wp-json\/wp\/v2\/pages"}],"about":[{"href":"https:\/\/igsvtu.lanuk.nrw.de\/en\/wp-json\/wp\/v2\/types\/page"}],"author":[{"embeddable":true,"href":"https:\/\/igsvtu.lanuk.nrw.de\/en\/wp-json\/wp\/v2\/users\/4"}],"replies":[{"embeddable":true,"href":"https:\/\/igsvtu.lanuk.nrw.de\/en\/wp-json\/wp\/v2\/comments?post=957"}],"version-history":[{"count":47,"href":"https:\/\/igsvtu.lanuk.nrw.de\/en\/wp-json\/wp\/v2\/pages\/957\/revisions"}],"predecessor-version":[{"id":3097,"href":"https:\/\/igsvtu.lanuk.nrw.de\/en\/wp-json\/wp\/v2\/pages\/957\/revisions\/3097"}],"up":[{"embeddable":true,"href":"https:\/\/igsvtu.lanuk.nrw.de\/en\/wp-json\/wp\/v2\/pages\/25"}],"wp:attachment":[{"href":"https:\/\/igsvtu.lanuk.nrw.de\/en\/wp-json\/wp\/v2\/media?parent=957"}],"curies":[{"name":"wp","href":"https:\/\/api.w.org\/{rel}","templated":true}]}}